{"id":1826,"date":"2022-01-20T09:39:14","date_gmt":"2022-01-20T08:39:14","guid":{"rendered":"https:\/\/hiklin.dk\/?page_id=1826"},"modified":"2025-07-11T11:34:54","modified_gmt":"2025-07-11T09:34:54","slug":"gua-sha","status":"publish","type":"page","link":"https:\/\/hiklin.dk\/en\/gua-sha\/","title":{"rendered":"Gua Sha Facial Treatment"},"content":{"rendered":"<h1>Gua Sha Facial Treatment<\/h1>\n<p>Gua Sha er en tusind \u00e5r gammel teknik, hvor man skraber p\u00e5 huden for at fjerne affaldsstoffer, sp\u00e6ndinger og smerter. Princippet bag teknikken er, at du gentagne gange skraber p\u00e5 et oliesmurt hudomr\u00e5de med et Gua Sha redskab. Man skraber i en bestemt retning, fx ud fra akupunkturpunkter, meridianbaner og lymfebaner.<\/p>\n<p>Gua sha krops massage er en behandling for bindev\u00e6vet som kommer dybt. Den fremmer blodcirkulationen, hvilke kan skabe r\u00f8dme ved det behandlet omr\u00e5de, men det forsvinder efter nogle dage. Yderst effektiv behandling.<\/p>\n<p>Gua Sha ansigtsbehandling som forbedrer blodcirkulationen, giver fornyet gl\u00f8d i huden, reducerer rynker og giver en mere ensartet hudtone.<\/p>\n<p><img loading=\"lazy\" decoding=\"async\" class=\"alignnone wp-image-2425 size-large\" src=\"https:\/\/hiklin.dk\/wp-content\/uploads\/2024\/12\/DSC07824-683x1024.jpg\" alt=\"Gua sha behandling i Lyngby\" width=\"683\" height=\"1024\" title=\"\" srcset=\"https:\/\/hiklin.dk\/wp-content\/uploads\/2024\/12\/DSC07824-683x1024.jpg 683w, https:\/\/hiklin.dk\/wp-content\/uploads\/2024\/12\/DSC07824-200x300.jpg 200w, https:\/\/hiklin.dk\/wp-content\/uploads\/2024\/12\/DSC07824-600x900.jpg 600w, https:\/\/hiklin.dk\/wp-content\/uploads\/2024\/12\/DSC07824-scaled.jpg 1707w\" sizes=\"auto, (max-width: 683px) 100vw, 683px\" \/><\/p>\n<p>N\u00e5r du booker en Gua Sha ansigtsbehandling f\u00e5r du en fork\u00e6lende behandling, der ikke kun er afslappende og giver ro, men ogs\u00e5 booster din huds kollagendannelse og giver den fornyet gl\u00f8d, samt hj\u00e6lper med at reducere rynker og giver en naturlig opstrammende effekt. Den har ligeledes en afsp\u00e6ndende effekt som kan hj\u00e6lpe mod hovedpine, stress og muskelsp\u00e6ndinger i ansigtet.<\/p>\n<p>Rynker, slap hud og andre \u00e6ldningstegn stammer fra d\u00e5rligt kredsl\u00f8b, tab af elasticitet og brug af ansigtsmuskler, og n\u00e5r vi er stressede, afleder kroppen blodcirkulationen fra huden til vores muskler, hvilket betyder, at vores hud \u00e6ldes. Gua Sha kan \u00f8ge cirkulationen med mange procent.<\/p>\n<p>\u00d8get blodcirkulation til ansigtet f\u00f8rer til en \u00f8get afgiftningsproces, hvilket giver din hud ny energi og udstr\u00e5ling, og afskrabning \u00f8ger kollagendannelsen i huden, hvilket \u00f8ger hudens fleksibilitet og reducerer synligheden af rynker.<\/p>\n<p>Gua Sha ansigtsbehandlinger er en yderst effektiv anti-aging behandling til ansigtet.<\/p>\n<p>B\u00f8rn og unge har ogs\u00e5 godt af Gua Sha behandling, da den er meget afslappende og beroligende. Den er ogs\u00e5 god for teenager, da den hj\u00e6lper til at balance huden og hormonsystemet. B\u00f8rn og unge der lider af uro kan ogs\u00e5 have meget gavn af at have en Gua Sha sten og l\u00e6rer at buge den til selvbehandling.<\/p>\n<p>Gua Sha er ikke kun en mirakelmager for din hud, men den kan ogs\u00e5 hj\u00e6lpe p\u00e5 en r\u00e6kke kroniske lidelser s\u00e5som svimmelhed, migr\u00e6ne, sp\u00e6ndingshovedpine, stress og meget mere.<\/p>\n<p>If you have a beard, we recommend that you shave it or keep it short.<\/p>\n<h3>Hvem jeg ikke udf\u00f8rer gua sha p\u00e5<\/h3>\n<ul>\n<li>Pregnant until the 12th week<\/li>\n<li>People with fever<\/li>\n<li>People with cold sores<\/li>\n<li>People with cancer (due to lymphatic drainage)<\/li>\n<li>Person der har f\u00e5et foretaget kosmetiske ansigtsbehandlinger indenfor 48 timer<\/li>\n<\/ul>\n<p>You can read more about <a href=\"https:\/\/hiklin.dk\/en\/ziggie-soevsoe\/\">Ziggy right here<\/a>\u00a0and book an appointment with her here:\u00a0<a href=\"https:\/\/hiklin.onlinebooq.dk\/?sID=S-C8KD3E\" target=\"_blank\" rel=\"noopener\">BOOK ONLINE<\/a><\/p>\n<h4><img loading=\"lazy\" decoding=\"async\" class=\"alignnone wp-image-1833 size-medium\" src=\"https:\/\/hiklin.dk\/wp-content\/uploads\/2022\/01\/content-pixie-7K4mlDH6wZo-unsplash-300x200.jpg\" alt=\"Gua sha behandling i Lyngby\" width=\"300\" height=\"200\" title=\"\" srcset=\"https:\/\/hiklin.dk\/wp-content\/uploads\/2022\/01\/content-pixie-7K4mlDH6wZo-unsplash-300x200.jpg 300w, https:\/\/hiklin.dk\/wp-content\/uploads\/2022\/01\/content-pixie-7K4mlDH6wZo-unsplash-1024x683.jpg 1024w, https:\/\/hiklin.dk\/wp-content\/uploads\/2022\/01\/content-pixie-7K4mlDH6wZo-unsplash-600x400.jpg 600w\" sizes=\"auto, (max-width: 300px) 100vw, 300px\" \/><\/h4>\n<pre class=\"ti-widget\" style=\"display: none\"><template id=\"trustindex-google-widget-html\"><div class=\"ti-widget  ti-goog ti-disable-font ti-show-rating-text ti-review-text-mode-readmore ti-text-align-left\" data-no-translation=\"true\" data-plugin-version=\"13.2.9\" data-layout-id=\"5\" data-layout-category=\"slider\" data-set-id=\"light-background\" data-pid=\"\" data-language=\"da\" data-close-locale=\"T\u00e6t\" data-review-target-width=\"275\" data-css-version=\"2\" data-reply-by-locale=\"Svar fra ejer\" data-only-rating-locale=\"Denne bruger har kun efterladt en bed\u00f8mmelse.\" data-pager-autoplay-timeout=\"6\"> <div class=\"ti-widget-container ti-col-4\"> <div class=\"ti-footer ti-footer-grid source-Google\"> <div class=\"ti-fade-container\"> <div class=\"ti-rating-text\"> <strong class=\"ti-rating ti-rating-large\"> FREMRAGENDE <\/strong> <\/div> <span class=\"ti-stars star-lg\"><trustindex-image class=\"ti-star\" data-imgurl=\"https:\/\/cdn.trustindex.io\/assets\/platform\/Google\/star\/f.svg\" alt=\"Google star 1\" width=\"17\" height=\"17\" loading=\"lazy\"><\/trustindex-image><trustindex-image class=\"ti-star\" data-imgurl=\"https:\/\/cdn.trustindex.io\/assets\/platform\/Google\/star\/f.svg\" alt=\"Google star 2\" width=\"17\" height=\"17\" loading=\"lazy\"><\/trustindex-image><trustindex-image class=\"ti-star\" data-imgurl=\"https:\/\/cdn.trustindex.io\/assets\/platform\/Google\/star\/f.svg\" alt=\"Google star 3\" width=\"17\" height=\"17\" loading=\"lazy\"><\/trustindex-image><trustindex-image class=\"ti-star\" data-imgurl=\"https:\/\/cdn.trustindex.io\/assets\/platform\/Google\/star\/f.svg\" alt=\"Google star 4\" width=\"17\" height=\"17\" loading=\"lazy\"><\/trustindex-image><trustindex-image class=\"ti-star\" data-imgurl=\"https:\/\/cdn.trustindex.io\/assets\/platform\/Google\/star\/f.svg\" alt=\"Google star 5\" width=\"17\" height=\"17\" loading=\"lazy\"><\/trustindex-image><\/span> <div class=\"ti-rating-text\"> <span class=\"nowrap\">P\u00e5 basis af <strong>31 anmeldelser<\/strong><\/span> <\/div> <div class=\"ti-large-logo\"> <div class=\"ti-v-center\"> <trustindex-image class=\"ti-logo-fb\" data-imgurl=\"https:\/\/cdn.trustindex.io\/assets\/platform\/Google\/logo.svg\" width=\"150\" height=\"25\" loading=\"lazy\" alt=\"Google\"><\/trustindex-image> <\/div> <\/div> <\/div> <\/div> <div class=\"ti-reviews-container\"> <div class=\"ti-controls\"> <div class=\"ti-next\" aria-label=\"N\u00e6ste anmeldelse\" role=\"button\" tabindex=\"0\"><\/div> <div class=\"ti-prev\" aria-label=\"Tidligere anmeldelse\" role=\"button\" tabindex=\"0\"><\/div> <\/div> <div class=\"ti-reviews-container-wrapper\">  <div data-empty=\"0\" class=\"ti-review-item source-Google ti-image-layout-thumbnail\" data-id=\"cfcd208495d565ef66e7dff9f98764da\"> <div class=\"ti-inner\"> <div class=\"ti-review-header\"> <div class=\"ti-platform-icon ti-with-tooltip\"> <span class=\"ti-tooltip\">Opsl\u00e5et p\u00e5 <\/span> <trustindex-image data-imgurl=\"https:\/\/cdn.trustindex.io\/assets\/platform\/Google\/icon.svg\" alt=\"\" width=\"20\" height=\"20\" loading=\"lazy\"><\/trustindex-image> <\/div> <div class=\"ti-profile-img\"> <trustindex-image data-imgurl=\"https:\/\/lh3.googleusercontent.com\/a\/ACg8ocIrZ0Q07xRKJZU-qp67Fj7teF8omOo5RVMYJj13Vl4srOj0RQ=w40-h40-c-rp-mo-br100\" alt=\"Hanne Mette Jespersen profile picture\" loading=\"lazy\"><\/trustindex-image> <\/div> <div class=\"ti-profile-details\"> <div class=\"ti-name\"> Hanne Mette Jespersen <\/div> <div class=\"ti-date\">28\/02\/2025<\/div> <\/div> <\/div> <span class=\"ti-stars\"><trustindex-image class=\"ti-star\" data-imgurl=\"https:\/\/cdn.trustindex.io\/assets\/platform\/Google\/star\/f.svg\" alt=\"Google star 1\" width=\"17\" height=\"17\" loading=\"lazy\"><\/trustindex-image><trustindex-image class=\"ti-star\" data-imgurl=\"https:\/\/cdn.trustindex.io\/assets\/platform\/Google\/star\/f.svg\" alt=\"Google star 2\" width=\"17\" height=\"17\" loading=\"lazy\"><\/trustindex-image><trustindex-image class=\"ti-star\" data-imgurl=\"https:\/\/cdn.trustindex.io\/assets\/platform\/Google\/star\/f.svg\" alt=\"Google star 3\" width=\"17\" height=\"17\" loading=\"lazy\"><\/trustindex-image><trustindex-image class=\"ti-star\" data-imgurl=\"https:\/\/cdn.trustindex.io\/assets\/platform\/Google\/star\/f.svg\" alt=\"Google star 4\" width=\"17\" height=\"17\" loading=\"lazy\"><\/trustindex-image><trustindex-image class=\"ti-star\" data-imgurl=\"https:\/\/cdn.trustindex.io\/assets\/platform\/Google\/star\/f.svg\" alt=\"Google star 5\" width=\"17\" height=\"17\" loading=\"lazy\"><\/trustindex-image><span class=\"ti-verified-review ti-verified-platform\"><span class=\"ti-verified-tooltip\">Trustindex verificerer, at den oprindelige kilde til anmeldelsen er Google.<\/span><\/span><\/span> <div class=\"ti-review-text-container ti-review-content\"><!-- R-CONTENT -->Wauw \ud83e\udd73\ud83e\udd73\nFra ikke at kunne lyne eller knappe, kan jeg nu f\u00e5 armene op over skuldrene n\u00e5r jeg danser. K\u00c6MPE anbefaling. Og s\u00e5 er der virkelig fantastisk stemning i klinikken.\nTop notch herfra.<!-- R-CONTENT --><\/div> <span class=\"ti-read-more\" data-container=\".ti-review-content\" data-collapse-text=\"Skjul\" data-open-text=\"L\u00e6s mere\"><\/span> <\/div> <\/div>  <div data-empty=\"0\" class=\"ti-review-item source-Google ti-image-layout-thumbnail\" data-id=\"cfcd208495d565ef66e7dff9f98764da\"> <div class=\"ti-inner\"> <div class=\"ti-review-header\"> <div class=\"ti-platform-icon ti-with-tooltip\"> <span class=\"ti-tooltip\">Opsl\u00e5et p\u00e5 <\/span> <trustindex-image data-imgurl=\"https:\/\/cdn.trustindex.io\/assets\/platform\/Google\/icon.svg\" alt=\"\" width=\"20\" height=\"20\" loading=\"lazy\"><\/trustindex-image> <\/div> <div class=\"ti-profile-img\"> <trustindex-image data-imgurl=\"https:\/\/lh3.googleusercontent.com\/a\/ACg8ocJlLf1t_16P79D5oACJ2eRx3BMIgra5LRGziPQrJAz-hytRUA=w40-h40-c-rp-mo-br100\" alt=\"Rikke Tronier Christensen profile picture\" loading=\"lazy\"><\/trustindex-image> <\/div> <div class=\"ti-profile-details\"> <div class=\"ti-name\"> Rikke Tronier Christensen <\/div> <div class=\"ti-date\">24\/07\/2024<\/div> <\/div> <\/div> <span class=\"ti-stars\"><trustindex-image class=\"ti-star\" data-imgurl=\"https:\/\/cdn.trustindex.io\/assets\/platform\/Google\/star\/f.svg\" alt=\"Google star 1\" width=\"17\" height=\"17\" loading=\"lazy\"><\/trustindex-image><trustindex-image class=\"ti-star\" data-imgurl=\"https:\/\/cdn.trustindex.io\/assets\/platform\/Google\/star\/f.svg\" alt=\"Google star 2\" width=\"17\" height=\"17\" loading=\"lazy\"><\/trustindex-image><trustindex-image class=\"ti-star\" data-imgurl=\"https:\/\/cdn.trustindex.io\/assets\/platform\/Google\/star\/f.svg\" alt=\"Google star 3\" width=\"17\" height=\"17\" loading=\"lazy\"><\/trustindex-image><trustindex-image class=\"ti-star\" data-imgurl=\"https:\/\/cdn.trustindex.io\/assets\/platform\/Google\/star\/f.svg\" alt=\"Google star 4\" width=\"17\" height=\"17\" loading=\"lazy\"><\/trustindex-image><trustindex-image class=\"ti-star\" data-imgurl=\"https:\/\/cdn.trustindex.io\/assets\/platform\/Google\/star\/f.svg\" alt=\"Google star 5\" width=\"17\" height=\"17\" loading=\"lazy\"><\/trustindex-image><span class=\"ti-verified-review ti-verified-platform\"><span class=\"ti-verified-tooltip\">Trustindex verificerer, at den oprindelige kilde til anmeldelsen er Google.<\/span><\/span><\/span> <div class=\"ti-review-text-container ti-review-content\"><!-- R-CONTENT -->Jeg fik for f\u00f8rste gang idag en Gha sha ansigtsbehandling. Det var en vidunderlig oplevelse. Ziggie er meget kompetent, rolig og en utrolig n\u00e6rv\u00e6rende mass\u00f8r.\nNogen gange ved man ikke hvad man har brug for f\u00f8r man pr\u00f8ver det. Men jeg ved nu at Gha sha skal v\u00e6re en del af min selv fork\u00e6lelse.\nKlinikken er utrolig hyggelig og man f\u00f8ler sig velkommen i de rolige omgivelser.<!-- R-CONTENT --><\/div> <span class=\"ti-read-more\" data-container=\".ti-review-content\" data-collapse-text=\"Skjul\" data-open-text=\"L\u00e6s mere\"><\/span> <\/div> <\/div>  <div data-empty=\"0\" class=\"ti-review-item source-Google ti-image-layout-thumbnail\" data-id=\"cfcd208495d565ef66e7dff9f98764da\"> <div class=\"ti-inner\"> <div class=\"ti-review-header\"> <div class=\"ti-platform-icon ti-with-tooltip\"> <span class=\"ti-tooltip\">Opsl\u00e5et p\u00e5 <\/span> <trustindex-image data-imgurl=\"https:\/\/cdn.trustindex.io\/assets\/platform\/Google\/icon.svg\" alt=\"\" width=\"20\" height=\"20\" loading=\"lazy\"><\/trustindex-image> <\/div> <div class=\"ti-profile-img\"> <trustindex-image data-imgurl=\"https:\/\/lh3.googleusercontent.com\/a\/ACg8ocLDAfUBT_1oEbO1p1VN43pl9ZEGdiB-0iuFJAH-TYPlLX7a0A=w40-h40-c-rp-mo-ba2-br100\" alt=\"Trine Frees Pontoppidan profile picture\" loading=\"lazy\"><\/trustindex-image> <\/div> <div class=\"ti-profile-details\"> <div class=\"ti-name\"> Trine Frees Pontoppidan <\/div> <div class=\"ti-date\">14\/11\/2023<\/div> <\/div> <\/div> <span class=\"ti-stars\"><trustindex-image class=\"ti-star\" data-imgurl=\"https:\/\/cdn.trustindex.io\/assets\/platform\/Google\/star\/f.svg\" alt=\"Google star 1\" width=\"17\" height=\"17\" loading=\"lazy\"><\/trustindex-image><trustindex-image class=\"ti-star\" data-imgurl=\"https:\/\/cdn.trustindex.io\/assets\/platform\/Google\/star\/f.svg\" alt=\"Google star 2\" width=\"17\" height=\"17\" loading=\"lazy\"><\/trustindex-image><trustindex-image class=\"ti-star\" data-imgurl=\"https:\/\/cdn.trustindex.io\/assets\/platform\/Google\/star\/f.svg\" alt=\"Google star 3\" width=\"17\" height=\"17\" loading=\"lazy\"><\/trustindex-image><trustindex-image class=\"ti-star\" data-imgurl=\"https:\/\/cdn.trustindex.io\/assets\/platform\/Google\/star\/f.svg\" alt=\"Google star 4\" width=\"17\" height=\"17\" loading=\"lazy\"><\/trustindex-image><trustindex-image class=\"ti-star\" data-imgurl=\"https:\/\/cdn.trustindex.io\/assets\/platform\/Google\/star\/f.svg\" alt=\"Google star 5\" width=\"17\" height=\"17\" loading=\"lazy\"><\/trustindex-image><span class=\"ti-verified-review ti-verified-platform\"><span class=\"ti-verified-tooltip\">Trustindex verificerer, at den oprindelige kilde til anmeldelsen er Google.<\/span><\/span><\/span> <div class=\"ti-review-text-container ti-review-content\"><!-- R-CONTENT -->Virkelig kompetent og dybdeg\u00e5ende massage i rolige og trygge omgivelser. Har f\u00e5et massage hos Jan igennem de sidste 6 \u00e5r. Hver gang er jeg g\u00e5et derfra med en gladere ryg \ud83d\ude42<!-- R-CONTENT --><\/div> <span class=\"ti-read-more\" data-container=\".ti-review-content\" data-collapse-text=\"Skjul\" data-open-text=\"L\u00e6s mere\"><\/span> <\/div> <\/div>  <div data-empty=\"0\" class=\"ti-review-item source-Google ti-image-layout-thumbnail\" data-id=\"cfcd208495d565ef66e7dff9f98764da\"> <div class=\"ti-inner\"> <div class=\"ti-review-header\"> <div class=\"ti-platform-icon ti-with-tooltip\"> <span class=\"ti-tooltip\">Opsl\u00e5et p\u00e5 <\/span> <trustindex-image data-imgurl=\"https:\/\/cdn.trustindex.io\/assets\/platform\/Google\/icon.svg\" alt=\"\" width=\"20\" height=\"20\" loading=\"lazy\"><\/trustindex-image> <\/div> <div class=\"ti-profile-img\"> <trustindex-image data-imgurl=\"https:\/\/lh3.googleusercontent.com\/a\/ACg8ocJxqYWvGyoxFaP-JZQolKlGFy7DA1wchYd28032TUF6A9PRbA=w40-h40-c-rp-mo-ba5-br100\" alt=\"Jan Agersten profile picture\" loading=\"lazy\"><\/trustindex-image> <\/div> <div class=\"ti-profile-details\"> <div class=\"ti-name\"> Jan Agersten <\/div> <div class=\"ti-date\">16\/02\/2023<\/div> <\/div> <\/div> <span class=\"ti-stars\"><trustindex-image class=\"ti-star\" data-imgurl=\"https:\/\/cdn.trustindex.io\/assets\/platform\/Google\/star\/f.svg\" alt=\"Google star 1\" width=\"17\" height=\"17\" loading=\"lazy\"><\/trustindex-image><trustindex-image class=\"ti-star\" data-imgurl=\"https:\/\/cdn.trustindex.io\/assets\/platform\/Google\/star\/f.svg\" alt=\"Google star 2\" width=\"17\" height=\"17\" loading=\"lazy\"><\/trustindex-image><trustindex-image class=\"ti-star\" data-imgurl=\"https:\/\/cdn.trustindex.io\/assets\/platform\/Google\/star\/f.svg\" alt=\"Google star 3\" width=\"17\" height=\"17\" loading=\"lazy\"><\/trustindex-image><trustindex-image class=\"ti-star\" data-imgurl=\"https:\/\/cdn.trustindex.io\/assets\/platform\/Google\/star\/f.svg\" alt=\"Google star 4\" width=\"17\" height=\"17\" loading=\"lazy\"><\/trustindex-image><trustindex-image class=\"ti-star\" data-imgurl=\"https:\/\/cdn.trustindex.io\/assets\/platform\/Google\/star\/f.svg\" alt=\"Google star 5\" width=\"17\" height=\"17\" loading=\"lazy\"><\/trustindex-image><span class=\"ti-verified-review ti-verified-platform\"><span class=\"ti-verified-tooltip\">Trustindex verificerer, at den oprindelige kilde til anmeldelsen er Google.<\/span><\/span><\/span> <div class=\"ti-review-text-container ti-review-content\"><!-- R-CONTENT -->Super dejligt s\u00e5 godt<!-- R-CONTENT --><\/div> <span class=\"ti-read-more\" data-container=\".ti-review-content\" data-collapse-text=\"Skjul\" data-open-text=\"L\u00e6s mere\"><\/span> <\/div> <\/div>  <div data-empty=\"0\" class=\"ti-review-item source-Google ti-image-layout-thumbnail\" data-id=\"cfcd208495d565ef66e7dff9f98764da\"> <div class=\"ti-inner\"> <div class=\"ti-review-header\"> <div class=\"ti-platform-icon ti-with-tooltip\"> <span class=\"ti-tooltip\">Opsl\u00e5et p\u00e5 <\/span> <trustindex-image data-imgurl=\"https:\/\/cdn.trustindex.io\/assets\/platform\/Google\/icon.svg\" alt=\"\" width=\"20\" height=\"20\" loading=\"lazy\"><\/trustindex-image> <\/div> <div class=\"ti-profile-img\"> <trustindex-image data-imgurl=\"https:\/\/lh3.googleusercontent.com\/a\/ACg8ocKI6FAYibx55H_YqoEugeXU2cMab0mwYxMdMZtc34qpVgUhRA=w40-h40-c-rp-mo-ba3-br100\" alt=\"Kristian B profile picture\" loading=\"lazy\"><\/trustindex-image> <\/div> <div class=\"ti-profile-details\"> <div class=\"ti-name\"> Kristian B <\/div> <div class=\"ti-date\">29\/10\/2022<\/div> <\/div> <\/div> <span class=\"ti-stars\"><trustindex-image class=\"ti-star\" data-imgurl=\"https:\/\/cdn.trustindex.io\/assets\/platform\/Google\/star\/f.svg\" alt=\"Google star 1\" width=\"17\" height=\"17\" loading=\"lazy\"><\/trustindex-image><trustindex-image class=\"ti-star\" data-imgurl=\"https:\/\/cdn.trustindex.io\/assets\/platform\/Google\/star\/f.svg\" alt=\"Google star 2\" width=\"17\" height=\"17\" loading=\"lazy\"><\/trustindex-image><trustindex-image class=\"ti-star\" data-imgurl=\"https:\/\/cdn.trustindex.io\/assets\/platform\/Google\/star\/f.svg\" alt=\"Google star 3\" width=\"17\" height=\"17\" loading=\"lazy\"><\/trustindex-image><trustindex-image class=\"ti-star\" data-imgurl=\"https:\/\/cdn.trustindex.io\/assets\/platform\/Google\/star\/f.svg\" alt=\"Google star 4\" width=\"17\" height=\"17\" loading=\"lazy\"><\/trustindex-image><trustindex-image class=\"ti-star\" data-imgurl=\"https:\/\/cdn.trustindex.io\/assets\/platform\/Google\/star\/f.svg\" alt=\"Google star 5\" width=\"17\" height=\"17\" loading=\"lazy\"><\/trustindex-image><span class=\"ti-verified-review ti-verified-platform\"><span class=\"ti-verified-tooltip\">Trustindex verificerer, at den oprindelige kilde til anmeldelsen er Google.<\/span><\/span><\/span> <div class=\"ti-review-text-container ti-review-content\"><!-- R-CONTENT -->God massage og venligt personale.<!-- R-CONTENT --><\/div> <span class=\"ti-read-more\" data-container=\".ti-review-content\" data-collapse-text=\"Skjul\" data-open-text=\"L\u00e6s mere\"><\/span> <\/div> <\/div>  <div data-empty=\"0\" class=\"ti-review-item source-Google ti-image-layout-thumbnail\" data-id=\"cfcd208495d565ef66e7dff9f98764da\"> <div class=\"ti-inner\"> <div class=\"ti-review-header\"> <div class=\"ti-platform-icon ti-with-tooltip\"> <span class=\"ti-tooltip\">Opsl\u00e5et p\u00e5 <\/span> <trustindex-image data-imgurl=\"https:\/\/cdn.trustindex.io\/assets\/platform\/Google\/icon.svg\" alt=\"\" width=\"20\" height=\"20\" loading=\"lazy\"><\/trustindex-image> <\/div> <div class=\"ti-profile-img\"> <trustindex-image data-imgurl=\"https:\/\/lh3.googleusercontent.com\/a-\/ALV-UjVFejM5Y7huIUpuAmKs8vuudp_RCp53gJm8QK7z45YFj1GuqcgW=w40-h40-c-rp-mo-br100\" alt=\"Iben Grossmeyer profile picture\" loading=\"lazy\"><\/trustindex-image> <\/div> <div class=\"ti-profile-details\"> <div class=\"ti-name\"> Iben Grossmeyer <\/div> <div class=\"ti-date\">05\/10\/2022<\/div> <\/div> <\/div> <span class=\"ti-stars\"><trustindex-image class=\"ti-star\" data-imgurl=\"https:\/\/cdn.trustindex.io\/assets\/platform\/Google\/star\/f.svg\" alt=\"Google star 1\" width=\"17\" height=\"17\" loading=\"lazy\"><\/trustindex-image><trustindex-image class=\"ti-star\" data-imgurl=\"https:\/\/cdn.trustindex.io\/assets\/platform\/Google\/star\/f.svg\" alt=\"Google star 2\" width=\"17\" height=\"17\" loading=\"lazy\"><\/trustindex-image><trustindex-image class=\"ti-star\" data-imgurl=\"https:\/\/cdn.trustindex.io\/assets\/platform\/Google\/star\/f.svg\" alt=\"Google star 3\" width=\"17\" height=\"17\" loading=\"lazy\"><\/trustindex-image><trustindex-image class=\"ti-star\" data-imgurl=\"https:\/\/cdn.trustindex.io\/assets\/platform\/Google\/star\/f.svg\" alt=\"Google star 4\" width=\"17\" height=\"17\" loading=\"lazy\"><\/trustindex-image><trustindex-image class=\"ti-star\" data-imgurl=\"https:\/\/cdn.trustindex.io\/assets\/platform\/Google\/star\/f.svg\" alt=\"Google star 5\" width=\"17\" height=\"17\" loading=\"lazy\"><\/trustindex-image><span class=\"ti-verified-review ti-verified-platform\"><span class=\"ti-verified-tooltip\">Trustindex verificerer, at den oprindelige kilde til anmeldelsen er Google.<\/span><\/span><\/span> <div class=\"ti-review-text-container ti-review-content\"><!-- R-CONTENT -->Super gode behandler. Du er i de bedste h\u00e6nder.<!-- R-CONTENT --><\/div> <span class=\"ti-read-more\" data-container=\".ti-review-content\" data-collapse-text=\"Skjul\" data-open-text=\"L\u00e6s mere\"><\/span> <\/div> <\/div>  <div data-empty=\"0\" class=\"ti-review-item source-Google ti-image-layout-thumbnail\" data-id=\"cfcd208495d565ef66e7dff9f98764da\"> <div class=\"ti-inner\"> <div class=\"ti-review-header\"> <div class=\"ti-platform-icon ti-with-tooltip\"> <span class=\"ti-tooltip\">Opsl\u00e5et p\u00e5 <\/span> <trustindex-image data-imgurl=\"https:\/\/cdn.trustindex.io\/assets\/platform\/Google\/icon.svg\" alt=\"\" width=\"20\" height=\"20\" loading=\"lazy\"><\/trustindex-image> <\/div> <div class=\"ti-profile-img\"> <trustindex-image data-imgurl=\"https:\/\/lh3.googleusercontent.com\/a\/ACg8ocK8ufk6kpHbR7eMqIIqELa70xjWcQF6mMmiRMl40QI5mahNrw=w40-h40-c-rp-mo-br100\" alt=\"Tina Sevel profile picture\" loading=\"lazy\"><\/trustindex-image> <\/div> <div class=\"ti-profile-details\"> <div class=\"ti-name\"> Tina Sevel <\/div> <div class=\"ti-date\">22\/06\/2022<\/div> <\/div> <\/div> <span class=\"ti-stars\"><trustindex-image class=\"ti-star\" data-imgurl=\"https:\/\/cdn.trustindex.io\/assets\/platform\/Google\/star\/f.svg\" alt=\"Google star 1\" width=\"17\" height=\"17\" loading=\"lazy\"><\/trustindex-image><trustindex-image class=\"ti-star\" data-imgurl=\"https:\/\/cdn.trustindex.io\/assets\/platform\/Google\/star\/f.svg\" alt=\"Google star 2\" width=\"17\" height=\"17\" loading=\"lazy\"><\/trustindex-image><trustindex-image class=\"ti-star\" data-imgurl=\"https:\/\/cdn.trustindex.io\/assets\/platform\/Google\/star\/f.svg\" alt=\"Google star 3\" width=\"17\" height=\"17\" loading=\"lazy\"><\/trustindex-image><trustindex-image class=\"ti-star\" data-imgurl=\"https:\/\/cdn.trustindex.io\/assets\/platform\/Google\/star\/f.svg\" alt=\"Google star 4\" width=\"17\" height=\"17\" loading=\"lazy\"><\/trustindex-image><trustindex-image class=\"ti-star\" data-imgurl=\"https:\/\/cdn.trustindex.io\/assets\/platform\/Google\/star\/f.svg\" alt=\"Google star 5\" width=\"17\" height=\"17\" loading=\"lazy\"><\/trustindex-image><span class=\"ti-verified-review ti-verified-platform\"><span class=\"ti-verified-tooltip\">Trustindex verificerer, at den oprindelige kilde til anmeldelsen er Google.<\/span><\/span><\/span> <div class=\"ti-review-text-container ti-review-content\"><!-- R-CONTENT -->Helt og aldeles professionel massage. Sk\u00f8nt!<!-- R-CONTENT --><\/div> <span class=\"ti-read-more\" data-container=\".ti-review-content\" data-collapse-text=\"Skjul\" data-open-text=\"L\u00e6s mere\"><\/span> <\/div> <\/div>  <\/div> <div class=\"ti-controls-line\"> <div class=\"dot\"><\/div> <\/div>   <\/div> <\/div> <\/div> <\/template><\/pre><div data-src=\"https:\/\/cdn.trustindex.io\/loader.js?wp-widget\" data-template-id=\"trustindex-google-widget-html\" data-css-url=\"https:\/\/hiklin.dk\/wp-content\/uploads\/trustindex-google-widget.css?1776678572\"><\/div>","protected":false},"excerpt":{"rendered":"<p>Gua Sha Ansigtsbehandling Gua Sha er en tusind \u00e5r gammel teknik, hvor man skraber p\u00e5 huden for at fjerne affaldsstoffer, sp\u00e6ndinger og smerter. Princippet bag teknikken er, at du gentagne gange skraber p\u00e5 et oliesmurt hudomr\u00e5de med et Gua Sha redskab. Man skraber i en bestemt retning, fx ud fra akupunkturpunkter, meridianbaner og lymfebaner. Gua&#8230;<\/p>","protected":false},"author":3,"featured_media":0,"parent":0,"menu_order":0,"comment_status":"closed","ping_status":"closed","template":"","meta":{"inline_featured_image":false,"_exactmetrics_skip_tracking":false,"_exactmetrics_sitenote_active":false,"_exactmetrics_sitenote_note":"","_exactmetrics_sitenote_category":0,"footnotes":""},"class_list":["post-1826","page","type-page","status-publish","hentry"],"_links":{"self":[{"href":"https:\/\/hiklin.dk\/en\/wp-json\/wp\/v2\/pages\/1826","targetHints":{"allow":["GET"]}}],"collection":[{"href":"https:\/\/hiklin.dk\/en\/wp-json\/wp\/v2\/pages"}],"about":[{"href":"https:\/\/hiklin.dk\/en\/wp-json\/wp\/v2\/types\/page"}],"author":[{"embeddable":true,"href":"https:\/\/hiklin.dk\/en\/wp-json\/wp\/v2\/users\/3"}],"replies":[{"embeddable":true,"href":"https:\/\/hiklin.dk\/en\/wp-json\/wp\/v2\/comments?post=1826"}],"version-history":[{"count":14,"href":"https:\/\/hiklin.dk\/en\/wp-json\/wp\/v2\/pages\/1826\/revisions"}],"predecessor-version":[{"id":2750,"href":"https:\/\/hiklin.dk\/en\/wp-json\/wp\/v2\/pages\/1826\/revisions\/2750"}],"wp:attachment":[{"href":"https:\/\/hiklin.dk\/en\/wp-json\/wp\/v2\/media?parent=1826"}],"curies":[{"name":"wp","href":"https:\/\/api.w.org\/{rel}","templated":true}]}}