{"id":320,"date":"2019-06-12T13:50:47","date_gmt":"2019-06-12T11:50:47","guid":{"rendered":"https:\/\/hiklin.dk\/?page_id=320"},"modified":"2022-07-02T10:27:03","modified_gmt":"2022-07-02T08:27:03","slug":"bandagist","status":"publish","type":"page","link":"https:\/\/hiklin.dk\/en\/bandagist\/","title":{"rendered":"Bandage artist"},"content":{"rendered":"<h1>Bandagist<\/h1>\n<p><strong>KUN MED AFTALT TID.<\/strong><br \/>\n<strong>Tid bestilles p\u00e5 tlf: 43969080<\/strong><\/p>\n<p><span class=\"style1\"><strong>Bandagist.dk<\/strong><\/span>\u00a0blev til efter overtagelsen af Vestegnens bandageri i Glostrup og senere Bandagist Dan Christiansen i Valby. Virksomheden bygger derfor p\u00e5 et solidt fundament, med mere end 30 \u00e5rs erfaring og et professionelt personale.<\/p>\n<p>Som leverand\u00f8r af kropsb\u00e5rne hj\u00e6lpemidler, med vores eget produktionsv\u00e6rksted, sikrer vi en stabil leverance af hj\u00e6lpemidler og g\u00f8r os dermed til en tryg partner i samarbejdet mellem patient og kommune\/l\u00e6ge\/speciall\u00e6ge.<\/p>\n<h3>Hos bandagist.dk leverer vi blandt andet f\u00f8lgende<\/h3>\n<ul>\n<li>Bandager til arm, h\u00e5ndled, kn\u00e6 og ankel<\/li>\n<li>Benproteser<\/li>\n<li>Brystproteser<\/li>\n<li>Fodindl\u00e6g<\/li>\n<li>Kompressionsstr\u00f8mper<\/li>\n<li>Korsetter og Brokbandager<\/li>\n<li>Skinner og Kapsler<\/li>\n<\/ul>\n<p>Bandagistens n\u00e6rmeste samarbejdspartnere er L\u00e6ger og Fysioterapeuter. Bandagister er autoriseret af sundhedsstyrelsen.<\/p>\n<p><strong>KUN MED AFTALT TID.<\/strong><br \/>\n<strong>Tid bestilles p\u00e5 tlf: 43969080 <\/strong>[\/vc_column_text][\/vc_column]<div class=\"vc_col-sm-4 wpb_column vc_column_container\"><div class=\"vc_column-inner us_custom_95b291a5\"><div class=\"wpb_wrapper\"><div class=\"w-image us_custom_e9b32282 align_center\"><div class=\"w-image-h\"><img decoding=\"async\" width=\"600\" height=\"400\" src=\"https:\/\/hiklin.dk\/wp-content\/uploads\/2019\/06\/helkropsmassage-ondt-ryggen-1.jpg\" class=\"attachment-us_600_400_crop size-us_600_400_crop\" alt=\"Ondt i ryg, ondt i l\u00e6nd, nakkemassage, sp\u00e6ndingshovedpine\" loading=\"lazy\" srcset=\"https:\/\/hiklin.dk\/wp-content\/uploads\/2019\/06\/helkropsmassage-ondt-ryggen-1.jpg 600w, https:\/\/hiklin.dk\/wp-content\/uploads\/2019\/06\/helkropsmassage-ondt-ryggen-1-300x200.jpg 300w\" sizes=\"auto, (max-width: 600px) 100vw, 600px\" title=\"\"><\/div><\/div><div class=\"wpb_text_column us_custom_ef333448\"><div class=\"wpb_wrapper\"><h4>Se ogs\u00e5 de andre behandlinger:<\/h4>\n<\/div><\/div><div class=\"wpb_widgetised_column wpb_content_element\"><div class=\"wpb_wrapper\"><div id=\"nav_menu-2\" class=\"widget widget_nav_menu\"><div class=\"menu-behandlinger-container\"><ul id=\"menu-behandlinger\" class=\"menu\"><li id=\"menu-item-426\" class=\"menu-item menu-item-type-post_type menu-item-object-page menu-item-426\"><a href=\"https:\/\/hiklin.dk\/en\/massage30min\/\">Massage 30 min.<\/a><\/li>\n<li id=\"menu-item-425\" class=\"menu-item menu-item-type-post_type menu-item-object-page menu-item-425\"><a href=\"https:\/\/hiklin.dk\/en\/massage60min\/\">Massage 60 min.<\/a><\/li>\n<li id=\"menu-item-424\" class=\"menu-item menu-item-type-post_type menu-item-object-page menu-item-424\"><a href=\"https:\/\/hiklin.dk\/en\/specialpaedagogisk-massage\/\">Specialp\u00e6dagogisk massage<\/a><\/li>\n<li id=\"menu-item-423\" class=\"menu-item menu-item-type-post_type menu-item-object-page menu-item-423\"><a href=\"https:\/\/hiklin.dk\/en\/boernemassage\/\">B\u00f8rnemassage<\/a><\/li>\n<li id=\"menu-item-422\" class=\"menu-item menu-item-type-post_type menu-item-object-page menu-item-422\"><a href=\"https:\/\/hiklin.dk\/en\/graviditetsmassage-lyngby\/\">Graviditetsmassage<\/a><\/li>\n<li id=\"menu-item-1260\" class=\"menu-item menu-item-type-post_type menu-item-object-page menu-item-1260\"><a href=\"https:\/\/hiklin.dk\/en\/japansk-lifting\/\">Japansk Lifting<\/a><\/li>\n<li id=\"menu-item-1174\" class=\"menu-item menu-item-type-post_type menu-item-object-page menu-item-1174\"><a href=\"https:\/\/hiklin.dk\/en\/somatic-experiencing\/\">Somatic Experiencing \u00ae<\/a><\/li>\n<li id=\"menu-item-420\" class=\"menu-item menu-item-type-post_type menu-item-object-page menu-item-420\"><a href=\"https:\/\/hiklin.dk\/en\/bandagist\/\">Bandagist<\/a><\/li>\n<li id=\"menu-item-835\" class=\"menu-item menu-item-type-post_type menu-item-object-page menu-item-835\"><a href=\"https:\/\/hiklin.dk\/en\/triggerpunkt\/\">Triggerpunkt Massage<\/a><\/li>\n<\/ul><\/div><\/div><\/div><\/div><div class=\"w-iconbox us_custom_bd01c020 iconpos_left style_default color_primary align_left no_text\"><div class=\"w-iconbox-icon\" style=\"font-size:2rem;\"><i class=\"fas fa-arrow-circle-right\"><\/i><\/div><div class=\"w-iconbox-meta\"><h4 class=\"w-iconbox-title\">BOOKING<\/h4><\/div><\/div><div class=\"w-iconbox us_custom_0f6d1055 iconpos_left style_default color_primary align_left no_text\"><div class=\"w-iconbox-icon\" style=\"font-size:2rem;\"><i class=\"fas fa-arrow-circle-right\"><\/i><\/div><div class=\"w-iconbox-meta\"><h4 class=\"w-iconbox-title\">BEHANDLERE<\/h4><\/div><\/div><div class=\"w-iconbox us_custom_b75eeeed iconpos_left style_default color_primary align_left no_text\"><a title=\"Priser\" href=\"https:\/\/hiklin.dk\/priser\/\" class=\"w-iconbox-link\" aria-label=\"PRISER\"><div class=\"w-iconbox-icon\" style=\"font-size:2rem;\"><i class=\"fas fa-arrow-circle-right\"><\/i><\/div><\/a><div class=\"w-iconbox-meta\"><h4 class=\"w-iconbox-title\"><a title=\"Priser\" href=\"https:\/\/hiklin.dk\/priser\/\" class=\"w-iconbox-link\" aria-label=\"PRISER\">PRISER<\/a><\/h4><\/div><\/div><\/div><\/div><\/div>[\/vc_row]\n","protected":false},"excerpt":{"rendered":"<p>Bandages BY APPOINTMENT ONLY. Appointments can be booked by calling 43969080 Bandagist.dk was created after the takeover of Vestegnens bandageri in Glostrup and later Bandagist Dan Christiansen in Valby. The company is therefore built on a solid foundation, with more than 30 years of experience and a professional staff. As a supplier of body-worn aids, with our own production workshop, we ensure a\u2026<\/p>","protected":false},"author":2,"featured_media":0,"parent":0,"menu_order":0,"comment_status":"closed","ping_status":"closed","template":"","meta":{"inline_featured_image":false,"_exactmetrics_skip_tracking":false,"_exactmetrics_sitenote_active":false,"_exactmetrics_sitenote_note":"","_exactmetrics_sitenote_category":0,"footnotes":""},"class_list":["post-320","page","type-page","status-publish","hentry"],"_links":{"self":[{"href":"https:\/\/hiklin.dk\/en\/wp-json\/wp\/v2\/pages\/320","targetHints":{"allow":["GET"]}}],"collection":[{"href":"https:\/\/hiklin.dk\/en\/wp-json\/wp\/v2\/pages"}],"about":[{"href":"https:\/\/hiklin.dk\/en\/wp-json\/wp\/v2\/types\/page"}],"author":[{"embeddable":true,"href":"https:\/\/hiklin.dk\/en\/wp-json\/wp\/v2\/users\/2"}],"replies":[{"embeddable":true,"href":"https:\/\/hiklin.dk\/en\/wp-json\/wp\/v2\/comments?post=320"}],"version-history":[{"count":5,"href":"https:\/\/hiklin.dk\/en\/wp-json\/wp\/v2\/pages\/320\/revisions"}],"predecessor-version":[{"id":980,"href":"https:\/\/hiklin.dk\/en\/wp-json\/wp\/v2\/pages\/320\/revisions\/980"}],"wp:attachment":[{"href":"https:\/\/hiklin.dk\/en\/wp-json\/wp\/v2\/media?parent=320"}],"curies":[{"name":"wp","href":"https:\/\/api.w.org\/{rel}","templated":true}]}}