{"id":487,"date":"2019-06-18T13:17:36","date_gmt":"2019-06-18T11:17:36","guid":{"rendered":"https:\/\/hiklin.dk\/?page_id=487"},"modified":"2026-02-18T09:25:18","modified_gmt":"2026-02-18T08:25:18","slug":"gavekort-massage","status":"publish","type":"page","link":"https:\/\/hiklin.dk\/en\/gavekort-massage\/","title":{"rendered":"Gift card"},"content":{"rendered":"<section class=\"l-section wpb_row height_medium\"><div class=\"l-section-h i-cf\"><div class=\"g-cols vc_row via_flex valign_top type_default stacking_default\"><div class=\"vc_col-sm-12 wpb_column vc_column_container has-link\"><div class=\"vc_column-inner\"><div class=\"wpb_wrapper\"><div class=\"w-grid us_grid type_masonry layout_gallery_default cols_4 preload_style_spinner with_isotope\" id=\"us_grid_1\" style=\"--columns:4;--gap:.2rem;\" data-filterable=\"true\"><style>@media (max-width:1380px){#us_grid_1{--columns:3!important}}@media (max-width:1024px){#us_grid_1{--columns:2!important}}@media (max-width:600px){#us_grid_1{--columns:1!important}}.layout_gallery_default .w-grid-item-h{}<\/style><div class=\"w-grid-list\">\t<article class=\"w-grid-item size_1x1 post-187 attachment type-attachment status-inherit hentry\" data-id=\"187\">\r\n\t\t<div class=\"w-grid-item-h\">\r\n\t\t\t\t\t\t<div class=\"w-post-elm post_image usg_post_image_1 stretched\"><img loading=\"lazy\" decoding=\"async\" width=\"600\" height=\"400\" src=\"https:\/\/hiklin.dk\/wp-content\/uploads\/2019\/06\/helkropsmassage-ondt-ryggen-1.jpg\" class=\"attachment-full size-full\" alt=\"Ondt i ryg, ondt i l\u00e6nd, nakkemassage, sp\u00e6ndingshovedpine\" srcset=\"https:\/\/hiklin.dk\/wp-content\/uploads\/2019\/06\/helkropsmassage-ondt-ryggen-1.jpg 600w, https:\/\/hiklin.dk\/wp-content\/uploads\/2019\/06\/helkropsmassage-ondt-ryggen-1-300x200.jpg 300w\" sizes=\"auto, (max-width: 600px) 100vw, 600px\" title=\"\"><\/div>\t\t<\/div>\r\n\t\t\t<\/article>\r\n\t<article class=\"w-grid-item size_1x1 post-183 attachment type-attachment status-inherit hentry\" data-id=\"183\">\r\n\t\t<div class=\"w-grid-item-h\">\r\n\t\t\t\t\t\t<div class=\"w-post-elm post_image usg_post_image_1 stretched\"><img loading=\"lazy\" decoding=\"async\" width=\"600\" height=\"400\" src=\"https:\/\/hiklin.dk\/wp-content\/uploads\/2019\/06\/ben-massage-ryg-nakke.jpg\" class=\"attachment-full size-full\" alt=\"Helse og Idr\u00e6tsklinikken i Lyngby, sports massage, venepumpemassage, \u00f8mme l\u00e6gge, \u00f8mme muskler, \u00f8mme ben\" srcset=\"https:\/\/hiklin.dk\/wp-content\/uploads\/2019\/06\/ben-massage-ryg-nakke.jpg 600w, https:\/\/hiklin.dk\/wp-content\/uploads\/2019\/06\/ben-massage-ryg-nakke-300x200.jpg 300w\" sizes=\"auto, (max-width: 600px) 100vw, 600px\" title=\"\"><\/div>\t\t<\/div>\r\n\t\t\t<\/article>\r\n\t<article class=\"w-grid-item size_1x1 post-181 attachment type-attachment status-inherit hentry\" data-id=\"181\">\r\n\t\t<div class=\"w-grid-item-h\">\r\n\t\t\t\t\t\t<div class=\"w-post-elm post_image usg_post_image_1 stretched\"><img loading=\"lazy\" decoding=\"async\" width=\"600\" height=\"400\" src=\"https:\/\/hiklin.dk\/wp-content\/uploads\/2019\/06\/zoneterapi-behandlinger.jpg\" class=\"attachment-full size-full\" alt=\"Helse og Idr\u00e6tsklinikken i Lyngby, Zoneterapi, Hormonelle problemer, overgangsalder, hovedpine og migr\u00e6ne, B\u00f8rne zoneterapi\" srcset=\"https:\/\/hiklin.dk\/wp-content\/uploads\/2019\/06\/zoneterapi-behandlinger.jpg 600w, https:\/\/hiklin.dk\/wp-content\/uploads\/2019\/06\/zoneterapi-behandlinger-300x200.jpg 300w\" sizes=\"auto, (max-width: 600px) 100vw, 600px\" title=\"\"><\/div>\t\t<\/div>\r\n\t\t\t<\/article>\r\n\t<article class=\"w-grid-item size_1x1 post-176 attachment type-attachment status-inherit hentry\" data-id=\"176\">\r\n\t\t<div class=\"w-grid-item-h\">\r\n\t\t\t\t\t\t<div class=\"w-post-elm post_image usg_post_image_1 stretched\"><img loading=\"lazy\" decoding=\"async\" width=\"600\" height=\"400\" src=\"https:\/\/hiklin.dk\/wp-content\/uploads\/2019\/06\/helse-ryg-behandlinger-massage.jpg\" class=\"attachment-full size-full\" alt=\"helkropsmassage, massage i Lyngby, \u00f8mme led og muskler, \u00f8m nakke, hovedpine\" srcset=\"https:\/\/hiklin.dk\/wp-content\/uploads\/2019\/06\/helse-ryg-behandlinger-massage.jpg 600w, https:\/\/hiklin.dk\/wp-content\/uploads\/2019\/06\/helse-ryg-behandlinger-massage-300x200.jpg 300w\" sizes=\"auto, (max-width: 600px) 100vw, 600px\" title=\"\"><\/div>\t\t<\/div>\r\n\t\t\t<\/article>\r\n<\/div>\t<div class=\"w-grid-preloader\">\r\n\t\t<div class=\"g-preloader type_1\">\r\n\t\t\t<div><\/div>\r\n\t\t<\/div>\r\n\t<\/div>\r\n\t\t<div class=\"w-grid-json hidden\" onclick='return {&quot;action&quot;:&quot;us_ajax_grid&quot;,&quot;infinite_scroll&quot;:0,&quot;max_num_pages&quot;:1,&quot;pagination&quot;:&quot;none&quot;,&quot;template_vars&quot;:{&quot;columns&quot;:&quot;4&quot;,&quot;exclude_items&quot;:&quot;none&quot;,&quot;img_size&quot;:&quot;full&quot;,&quot;ignore_items_size&quot;:0,&quot;items_layout&quot;:&quot;gallery_default&quot;,&quot;items_offset&quot;:&quot;1&quot;,&quot;load_animation&quot;:&quot;none&quot;,&quot;overriding_link&quot;:&quot;{\\&quot;url\\&quot;:\\&quot;\\&quot;}&quot;,&quot;post_id&quot;:0,&quot;query_args&quot;:{&quot;post_type&quot;:[&quot;attachment&quot;],&quot;post__in&quot;:[&quot;187&quot;,&quot;183&quot;,&quot;181&quot;,&quot;176&quot;],&quot;post_status&quot;:&quot;inherit&quot;,&quot;post_mime_type&quot;:&quot;image&quot;,&quot;posts_per_page&quot;:&quot;4&quot;},&quot;orderby_query_args&quot;:{&quot;orderby&quot;:{&quot;date&quot;:&quot;DESC&quot;}},&quot;type&quot;:&quot;masonry&quot;,&quot;us_grid_post_type&quot;:&quot;attachment&quot;,&quot;us_grid_ajax_index&quot;:1,&quot;us_grid_filter_query_string&quot;:null,&quot;us_grid_index&quot;:1,&quot;page_args&quot;:[]}}'><\/div>\r\n\t<\/div><\/div><\/div><a title=\"Helse-og idr\u00e6tsklinikken\" href=\"https:\/\/hiklin.dk\/\" class=\"vc_column-link smooth-scroll\"><\/a><\/div><\/div><\/div><\/section><section class=\"l-section wpb_row height_auto\"><div class=\"l-section-h i-cf\"><div class=\"g-cols vc_row via_flex valign_top type_default stacking_default\"><div class=\"vc_col-sm-12 wpb_column vc_column_container\"><div class=\"vc_column-inner\"><div class=\"wpb_wrapper\"><div class=\"wpb_text_column\"><div class=\"wpb_wrapper\"><h1>Gavekort til massage<\/h1>\n<h2><span style=\"color: #e6c27f;\">Giv en gave med hjertet<\/span><\/h2>\n<\/div><\/div><\/div><\/div><\/div><\/div><\/div><\/section><section class=\"l-section wpb_row height_medium\"><div class=\"l-section-h i-cf\"><div class=\"g-cols vc_row via_flex valign_top type_default stacking_default\"><div class=\"vc_col-sm-8 wpb_column vc_column_container\"><div class=\"vc_column-inner us_custom_e7682985\"><div class=\"wpb_wrapper\"><div class=\"wpb_text_column\"><div class=\"wpb_wrapper\"><h4>Vi tror p\u00e5, at livet skal nydes \u2013 ikke fyldes med ligegyldige ting. Massage giver balance og ro.<\/h4>\n<p>Vi har gjort det til vores mission at hj\u00e6lpe folk. Her p\u00e5 siden kan du k\u00f8be gavekort p\u00e5 hele- og halve timers behandlinger. Men ud over det store udvalg, s\u00e5 er der andre fordele ved at handle hos os \u2026<\/p>\n<p>Din garanti for en god oplevelse<br \/>\nVores ambition er at v\u00e6re et kvalitetsstempel for en god massage.<\/p>\n<\/div><\/div><div class=\"w-separator size_medium with_line width_default thick_2 style_solid color_primary align_center\"><div class=\"w-separator-h\"><\/div><\/div><div class=\"g-cols wpb_row us_custom_bda1cccf via_flex valign_top type_default stacking_default\"><div class=\"vc_col-sm-8 wpb_column vc_column_container\"><div class=\"vc_column-inner\"><div class=\"wpb_wrapper\"><h2 class=\"w-itext type_fadeIn align_left dynamic_bold\" style=\"--itext-dynamic-color:#915a5a;--itext-transition-duration:0.4s;--itext-timing-function:cubic-bezier(.86,0,.07,1);\" onclick='return {&quot;duration&quot;:400,&quot;delay&quot;:6000}'><span class=\"w-itext-part\"><span class=\"w-itext-state state-0 is-active\">K&Oslash;B ET GAVEKORT<\/span><span class=\"w-itext-state state-1\">TIL &Egrave;N DU HOLDER AF<\/span><\/span><\/h2><\/div><\/div><\/div><div class=\"vc_col-sm-4 wpb_column vc_column_container\"><div class=\"vc_column-inner\"><div class=\"wpb_wrapper\"><div class=\"w-btn-wrapper align_none\"><a class=\"w-btn us-btn-style_4\" target=\"_blank\" rel=\"nofollow noopener\" href=\"https:\/\/hiklin.onlinebooq.dk\/giftcard\"><span class=\"w-btn-label\">Bestil gavekort her<\/span><\/a><\/div><\/div><\/div><\/div><\/div><div class=\"g-cols wpb_row via_flex valign_top type_default stacking_default\" style=\"--additional-gap:5px;\"><div class=\"vc_col-sm-12 wpb_column vc_column_container\"><div class=\"vc_column-inner\"><div class=\"wpb_wrapper\"><div class=\"w-separator size_medium with_line width_default thick_2 style_solid color_primary align_center\"><div class=\"w-separator-h\"><\/div><\/div><div class=\"w-iconbox us_custom_7ed91129 iconpos_left style_default color_primary align_left\"><div class=\"w-iconbox-icon\" style=\"font-size:2rem;\"><i class=\"fas fa-coins\"><\/i><\/div><div class=\"w-iconbox-meta\"><h4 class=\"w-iconbox-title\">Prisen<\/h4><div class=\"w-iconbox-text\"><p>Du bestemmer selv bel\u00f8bet p\u00e5 gavekortet, dog p\u00e5l\u00e6gges et administrations gebyr p\u00e5 5 kr. hvis du v\u00e6lger at k\u00f8be gavekortet online. Hvis du skal k\u00f8be flere gavekort, til forskellige modtagere, skal du k\u00f8be dem enkeltvis. Ellers samles de alle p\u00e5 samme gavekort.<\/p>\n<\/div><\/div><\/div><div class=\"w-separator size_medium\"><\/div><div class=\"w-iconbox us_custom_bd822f01 iconpos_left style_default color_primary align_left\"><div class=\"w-iconbox-icon\" style=\"font-size:2rem;\"><i class=\"fas fa-calendar-alt\"><\/i><\/div><div class=\"w-iconbox-meta\"><h4 class=\"w-iconbox-title\">3 \u00e5rs gyldighed<\/h4><div class=\"w-iconbox-text\"><p>Et gavekort fra Helse- &amp; Idr\u00e6tsklinikken er gyldigt i 3 \u00e5r fra udstedelsesdatoen.<\/p>\n<\/div><\/div><\/div><div class=\"w-separator size_medium\"><\/div><div class=\"w-iconbox us_custom_558fb458 iconpos_left style_default color_primary align_left\"><div class=\"w-iconbox-icon\" style=\"font-size:2rem;\"><i class=\"fas fa-gift\"><\/i><\/div><div class=\"w-iconbox-meta\"><h4 class=\"w-iconbox-title\">Gavekort p\u00e5 kun 5 minutter<\/h4><div class=\"w-iconbox-text\"><p>Har du travlt, er det smarte at du f\u00e5r tilsendt gavekortet p\u00e5 mail i form af en flot PDF, der b\u00e5de indeholder hvad gavekortet er til samt en personlig hilsen. Mailen sendes automatisk til dig umiddelbart efter dit k\u00f8b, og du skal blot printe gavekortet i mailen.<\/p>\n<\/div><\/div><\/div><\/div><\/div><\/div><\/div><div class=\"wpb_text_column\"><div class=\"wpb_wrapper\"><h3>Hvilket massage gavekort skal du v\u00e6lge?<\/h3>\n<p>Hos Helse- &amp; Idr\u00e6tsklinikken tilbyder vi flere forskellige gavekort. Hvilket et du skal v\u00e6lge afh\u00e6nger af den gave du \u00f8nsker at give og modtagerens pr\u00e6ferencer. Du har b\u00e5de mulighed for at k\u00f8be et gavekort p\u00e5 et valgfrit bel\u00f8b som kan bruges til alle behandlinger, eller et gavekort til en specifik behandling.<\/p>\n<\/div><\/div><div class=\"g-cols wpb_row us_custom_2dbf7b3f via_flex valign_top type_default stacking_default\"><div class=\"vc_col-sm-4 wpb_column vc_column_container\"><div class=\"vc_column-inner\"><div class=\"wpb_wrapper\"><div class=\"w-image align_none\"><div class=\"w-image-h\"><img decoding=\"async\" width=\"600\" height=\"300\" src=\"https:\/\/hiklin.dk\/wp-content\/uploads\/2019\/06\/helkropmassage-helse-idr\u00e6tsklinikken-lyngby-600x300.jpg\" class=\"attachment-us_600_300_crop size-us_600_300_crop\" alt=\"smerter i l\u00e6nd, sportsmassage, \u00f8mme muskler, Helse og idr\u00e6tsklinik i Lyngby\" loading=\"lazy\" title=\"\"><\/div><\/div><\/div><\/div><\/div><div class=\"vc_col-sm-8 wpb_column vc_column_container\"><div class=\"vc_column-inner\"><div class=\"wpb_wrapper\"><div class=\"wpb_text_column\"><div class=\"wpb_wrapper\"><h4>Gavekort til massage med valgfrit bel\u00f8b<\/h4>\n<p>K\u00f8b et gavekort til Helse- og Idr\u00e6tsklinikken p\u00e5 et valgfrit bel\u00f8b, fra 200 kr. Gavekortet g\u00e6lder til alle vores behandlinger.<\/p>\n<\/div><\/div><\/div><\/div><\/div><\/div><div class=\"g-cols wpb_row us_custom_2dbf7b3f via_flex valign_top type_default stacking_default\"><div class=\"vc_col-sm-4 wpb_column vc_column_container\"><div class=\"vc_column-inner\"><div class=\"wpb_wrapper\"><div class=\"w-image align_none\"><div class=\"w-image-h\"><img decoding=\"async\" width=\"600\" height=\"300\" src=\"https:\/\/hiklin.dk\/wp-content\/uploads\/2021\/01\/katherine-hanlon-83RTpUBjyYY-unsplash-1-600x300.jpg\" class=\"attachment-us_600_300_crop size-us_600_300_crop\" alt=\"Rabat p\u00e5 massage\" loading=\"lazy\" title=\"\"><\/div><\/div><\/div><\/div><\/div><div class=\"vc_col-sm-8 wpb_column vc_column_container\"><div class=\"vc_column-inner\"><div class=\"wpb_wrapper\"><div class=\"wpb_text_column\"><div class=\"wpb_wrapper\"><h4>Gavekort til 60 minutters massage<\/h4>\n<p>Slap af og nyd en helkropsmassage. Med et gavekort til 60 minutters massage f\u00e5r modtageren af gavekortet en dybdeg\u00e5ende helkropsmassage og g\u00e5r fra klinikken med fornyet energi og velv\u00e6re.<\/p>\n<\/div><\/div><\/div><\/div><\/div><\/div><div class=\"g-cols wpb_row us_custom_2dbf7b3f via_flex valign_top type_default stacking_default\"><div class=\"vc_col-sm-4 wpb_column vc_column_container\"><div class=\"vc_column-inner\"><div class=\"wpb_wrapper\"><div class=\"w-image align_none\"><div class=\"w-image-h\"><img decoding=\"async\" width=\"600\" height=\"300\" src=\"https:\/\/hiklin.dk\/wp-content\/uploads\/2019\/07\/trigger-point-massage-helse-idraetsklinikken-lyngby-600x300.jpg\" class=\"attachment-us_600_300_crop size-us_600_300_crop\" alt=\"Trigger point massage\" loading=\"lazy\" title=\"\"><\/div><\/div><\/div><\/div><\/div><div class=\"vc_col-sm-8 wpb_column vc_column_container\"><div class=\"vc_column-inner\"><div class=\"wpb_wrapper\"><div class=\"wpb_text_column\"><div class=\"wpb_wrapper\"><h4>Gavekort til 30 minutters massage<\/h4>\n<p>Slap af og nyd en ryg-, nakke- og benmassage. Med et gavekort til 30 minutters massage f\u00e5r modtageren en fokuseret massageoplevelse der g\u00e5r i dybden med de omr\u00e5der som ca. hver tredje dansker oplever problemer med hver m\u00e5ned.<\/p>\n<\/div><\/div><\/div><\/div><\/div><\/div><div class=\"g-cols wpb_row us_custom_2dbf7b3f via_flex valign_top type_default stacking_default\"><div class=\"vc_col-sm-4 wpb_column vc_column_container\"><div class=\"vc_column-inner\"><div class=\"wpb_wrapper\"><div class=\"w-image align_none\"><div class=\"w-image-h\"><img decoding=\"async\" width=\"400\" height=\"400\" src=\"https:\/\/hiklin.dk\/wp-content\/uploads\/2020\/10\/2020-10-16_10-53-31-400x400.png\" class=\"attachment-us_400_400_crop size-us_400_400_crop\" alt=\"Japansk lifting\" loading=\"lazy\" srcset=\"https:\/\/hiklin.dk\/wp-content\/uploads\/2020\/10\/2020-10-16_10-53-31-400x400.png 400w, https:\/\/hiklin.dk\/wp-content\/uploads\/2020\/10\/2020-10-16_10-53-31-300x300.png 300w, https:\/\/hiklin.dk\/wp-content\/uploads\/2020\/10\/2020-10-16_10-53-31-150x150.png 150w\" sizes=\"auto, (max-width: 400px) 100vw, 400px\" title=\"\"><\/div><\/div><\/div><\/div><\/div><div class=\"vc_col-sm-8 wpb_column vc_column_container\"><div class=\"vc_column-inner\"><div class=\"wpb_wrapper\"><div class=\"wpb_text_column\"><div class=\"wpb_wrapper\"><h4>Gavekort til japansk lifting<\/h4>\n<p>Giv en oplevelse udover det s\u00e6dvanelige. Ved japansk lifting er det prim\u00e6rt ansigtets muskler og v\u00e6v der behandles, men hele kroppen stimuleres og opn\u00e5r effekt. Behandlingen kombinerer teknikker som zoneterapi, akupressur og lymfed\u00e6ning, og giver velv\u00e6re mens det naturligt strammer huden op.<\/p>\n<\/div><\/div><\/div><\/div><\/div><\/div><div class=\"g-cols wpb_row us_custom_bda1cccf via_flex valign_top type_default stacking_default\"><div class=\"vc_col-sm-8 wpb_column vc_column_container\"><div class=\"vc_column-inner\"><div class=\"wpb_wrapper\"><h2 class=\"w-itext type_fadeIn align_left dynamic_bold\" style=\"--itext-dynamic-color:#915a5a;--itext-transition-duration:0.4s;--itext-timing-function:cubic-bezier(.86,0,.07,1);\" onclick='return {&quot;duration&quot;:400,&quot;delay&quot;:6000}'><span class=\"w-itext-part\"><span class=\"w-itext-state state-0 is-active\">K&Oslash;B ET GAVEKORT<\/span><span class=\"w-itext-state state-1\">TIL &Egrave;N DU HOLDER AF<\/span><\/span><\/h2><\/div><\/div><\/div><div class=\"vc_col-sm-4 wpb_column vc_column_container\"><div class=\"vc_column-inner\"><div class=\"wpb_wrapper\"><div class=\"w-btn-wrapper align_none\"><a class=\"w-btn us-btn-style_4\" target=\"_blank\" rel=\"nofollow noopener\" href=\"https:\/\/hiklin.onlinebooq.dk\/giftcard\"><span class=\"w-btn-label\">Bestil gavekort her<\/span><\/a><\/div><\/div><\/div><\/div><\/div><\/div><\/div><\/div><div class=\"vc_col-sm-4 wpb_column vc_column_container\"><div class=\"vc_column-inner us_custom_4187500a\"><div class=\"wpb_wrapper\"><div class=\"wpb_text_column us_custom_9841a779\"><div class=\"wpb_wrapper\"><h4>Se ogs\u00e5 de andre behandlinger:<\/h4>\n<\/div><\/div><div class=\"w-iconbox us_custom_08868dd8 iconpos_left style_default color_primary align_left no_text\"><a target=\" _blank\" rel=\"nofollow noopener\" href=\"https:\/\/hiklin.onlinebooq.dk\" class=\"w-iconbox-link\" aria-label=\"BOOKING\"><div class=\"w-iconbox-icon\" style=\"font-size:2rem;\"><i class=\"fas fa-arrow-circle-right\"><\/i><\/div><\/a><div class=\"w-iconbox-meta\"><h4 class=\"w-iconbox-title\"><a target=\" _blank\" rel=\"nofollow noopener\" href=\"https:\/\/hiklin.onlinebooq.dk\" class=\"w-iconbox-link\" aria-label=\"BOOKING\">BOOKING<\/a><\/h4><\/div><\/div><div class=\"w-iconbox us_custom_6af6cc88 iconpos_left style_default color_primary align_left no_text\"><a title=\"Behandlere i klinikken\" href=\"https:\/\/hiklin.dk\/behandlere-i-klinikken\/\" class=\"w-iconbox-link\" aria-label=\"BEHANDLERE\"><div class=\"w-iconbox-icon\" style=\"font-size:2rem;\"><i class=\"fas fa-arrow-circle-right\"><\/i><\/div><\/a><div class=\"w-iconbox-meta\"><h4 class=\"w-iconbox-title\"><a title=\"Behandlere i klinikken\" href=\"https:\/\/hiklin.dk\/behandlere-i-klinikken\/\" class=\"w-iconbox-link\" aria-label=\"BEHANDLERE\">BEHANDLERE<\/a><\/h4><\/div><\/div><div class=\"w-iconbox us_custom_247b46fb iconpos_left style_default color_primary align_left no_text\"><a title=\"Behandlinger\" href=\"https:\/\/hiklin.dk\/behandlinger\/\" class=\"w-iconbox-link\" aria-label=\"Behandlinger\"><div class=\"w-iconbox-icon\" style=\"font-size:2rem;\"><i class=\"fas fa-arrow-circle-right\"><\/i><\/div><\/a><div class=\"w-iconbox-meta\"><h4 class=\"w-iconbox-title\"><a title=\"Behandlinger\" href=\"https:\/\/hiklin.dk\/behandlinger\/\" class=\"w-iconbox-link\" aria-label=\"Behandlinger\">Behandlinger<\/a><\/h4><\/div><\/div><div class=\"w-iconbox us_custom_ece716fc iconpos_left style_default color_primary align_left no_text\"><a title=\"Priser\" href=\"https:\/\/hiklin.dk\/priser\/\" class=\"w-iconbox-link\" aria-label=\"PRISER\"><div class=\"w-iconbox-icon\" style=\"font-size:2rem;\"><i class=\"fas fa-arrow-circle-right\"><\/i><\/div><\/a><div class=\"w-iconbox-meta\"><h4 class=\"w-iconbox-title\"><a title=\"Priser\" href=\"https:\/\/hiklin.dk\/priser\/\" class=\"w-iconbox-link\" aria-label=\"PRISER\">PRISER<\/a><\/h4><\/div><\/div><\/div><\/div><\/div><\/div><\/div><\/section>\n","protected":false},"excerpt":{"rendered":"","protected":false},"author":2,"featured_media":0,"parent":0,"menu_order":0,"comment_status":"closed","ping_status":"closed","template":"","meta":{"inline_featured_image":false,"_exactmetrics_skip_tracking":false,"_exactmetrics_sitenote_active":false,"_exactmetrics_sitenote_note":"","_exactmetrics_sitenote_category":0,"footnotes":""},"class_list":["post-487","page","type-page","status-publish","hentry"],"_links":{"self":[{"href":"https:\/\/hiklin.dk\/en\/wp-json\/wp\/v2\/pages\/487","targetHints":{"allow":["GET"]}}],"collection":[{"href":"https:\/\/hiklin.dk\/en\/wp-json\/wp\/v2\/pages"}],"about":[{"href":"https:\/\/hiklin.dk\/en\/wp-json\/wp\/v2\/types\/page"}],"author":[{"embeddable":true,"href":"https:\/\/hiklin.dk\/en\/wp-json\/wp\/v2\/users\/2"}],"replies":[{"embeddable":true,"href":"https:\/\/hiklin.dk\/en\/wp-json\/wp\/v2\/comments?post=487"}],"version-history":[{"count":8,"href":"https:\/\/hiklin.dk\/en\/wp-json\/wp\/v2\/pages\/487\/revisions"}],"predecessor-version":[{"id":2969,"href":"https:\/\/hiklin.dk\/en\/wp-json\/wp\/v2\/pages\/487\/revisions\/2969"}],"wp:attachment":[{"href":"https:\/\/hiklin.dk\/en\/wp-json\/wp\/v2\/media?parent=487"}],"curies":[{"name":"wp","href":"https:\/\/api.w.org\/{rel}","templated":true}]}}